{"id":103,"date":"2024-02-17T17:35:55","date_gmt":"2024-02-17T16:35:55","guid":{"rendered":"https:\/\/ecobramandco.fr\/?page_id=103"},"modified":"2024-02-17T17:35:55","modified_gmt":"2024-02-17T16:35:55","slug":"mobilites-douces","status":"publish","type":"page","link":"https:\/\/ecobramandco.fr\/index.php\/mobilites-douces\/","title":{"rendered":"Mobilit\u00e9s douces"},"content":{"rendered":"<ul class=\"wp-block-latest-posts__list wp-block-latest-posts\"><li><div class=\"wp-block-latest-posts__featured-image\"><img decoding=\"async\" width=\"150\" height=\"150\" src=\"https:\/\/ecobramandco.fr\/wp-content\/uploads\/2025\/09\/img-20250919-wa00006448502166995387730-150x150.jpg\" class=\"attachment-thumbnail size-thumbnail wp-post-image\" alt=\"\" style=\"\" \/><\/div><a class=\"wp-block-latest-posts__post-title\" href=\"https:\/\/ecobramandco.fr\/index.php\/2025\/09\/23\/assemblee-generale-2025\/\">Assembl\u00e9e g\u00e9n\u00e9rale 2025<\/a><div class=\"wp-block-latest-posts__post-excerpt\">L\u2019assembl\u00e9e g\u00e9n\u00e9rale 2025 de l\u2019association eco Bram &amp; co a \u00e9t\u00e9 l\u2019occasion de mettre en avant la dynamique engag\u00e9e depuis deux ans et les nombreuses actions men\u00e9es par des b\u00e9n\u00e9voles de plus en plus nombreux. La pr\u00e9sidente, Caroline Rey et son bureau ont fait le bilan se cette ann\u00e9e riche d\u2019engagements et de propositions L\u2019association devient un partenaire incontournable des projets de d\u00e9veloppement durable de la ville. Cette assembl\u00e9e a aussi permis de remercier les b\u00e9n\u00e9voles qui s\u2019engagent tous les matins pour faire vivre le ramassage scolaire \u00e0 v\u00e9lo. N\u2019h\u00e9sitez \u00e0 venir nous rejoindre en nous contactant sur notre page&#8230; <\/div><\/li>\n<li><a class=\"wp-block-latest-posts__post-title\" href=\"https:\/\/ecobramandco.fr\/index.php\/2025\/09\/15\/velocipedie\/\">Velocip\u00e9die<\/a><div class=\"wp-block-latest-posts__post-excerpt\">Les b\u00e9n\u00e9voles d\u2019eco bram &amp; co ont assur\u00e9 la s\u00e9curit\u00e9 du parcours \u00e0 Bram de V\u00e9locip\u00e9die Occitanie. Un parcours sur 3 jours du 12 au 14 septembre du Canal du midi au ch\u00e2teau de Mons\u00e9gur.<\/div><\/li>\n<li><a class=\"wp-block-latest-posts__post-title\" href=\"https:\/\/ecobramandco.fr\/index.php\/2025\/09\/15\/le-velo-bus-cest-reparti\/\">Le v\u00e9lo bus c\u2019est reparti !<\/a><div class=\"wp-block-latest-posts__post-excerpt\">D\u00e8s le 8 septembre, les \u00e9coliers de Bram ont pu rejoindre les lignes de v\u00e9lo bus. Gr\u00e2ce aux parents et aux b\u00e9n\u00e9voles de l\u2019association, les enfants ont retrouv\u00e9 le chemin de l\u2019\u00e9cole \u00e0 v\u00e9lo. Gr\u00e2ce \u00e0 la mairie, la CCPLM mais aussi les g\u00e9n\u00e9reux donateurs, le Woody bus est maintenant accompagn\u00e9 d\u2019un v\u00e9lo cargo deux places.<\/div><\/li>\n<li><a class=\"wp-block-latest-posts__post-title\" href=\"https:\/\/ecobramandco.fr\/index.php\/2025\/09\/15\/fete-des-associations\/\">F\u00eate des associations<\/a><div class=\"wp-block-latest-posts__post-excerpt\">Le 6 septembre 2025, l\u2019association eco bram &amp; co \u00e9tait pr\u00e9sente au parc des Essars pour pr\u00e9senter toutes les actions qu\u2019elle m\u00e8ne toute l\u2019ann\u00e9e pour sensibiliser et mobiliser les bramais autour d\u2019actions eco-citoyennes.<\/div><\/li>\n<li><div class=\"wp-block-latest-posts__featured-image\"><img decoding=\"async\" width=\"150\" height=\"150\" src=\"https:\/\/ecobramandco.fr\/wp-content\/uploads\/2024\/04\/logo-ateliers-repar-velo-150x150.jpg\" class=\"attachment-thumbnail size-thumbnail wp-post-image\" alt=\"\" style=\"\" \/><\/div><a class=\"wp-block-latest-posts__post-title\" href=\"https:\/\/ecobramandco.fr\/index.php\/2025\/06\/07\/les-stages-remise-en-selle-2\/\">Les stages remise en selle<\/a><div class=\"wp-block-latest-posts__post-excerpt\">Afin de permettre aux bramais de tous \u00e2ges de se {re)mettre en selle et de {re)prendre go\u00fbt au v\u00e9lo, la ville de Bram et les associations @EcoBram&amp;Co et @La Roue qui Tourne animeront au mois de iuin un cycle de stages de\u00ab remise en selle\u00bb.Cette op\u00e9ration vise \u00e0 accompagner les adultes vers une conduite optimale du v\u00e9lo en ville, de veiller \u00e0 l&rsquo;entretien du mat\u00e9riel et de r\u00e9viser les indispensables de la s\u00e9curit\u00e9 \u00e0 v\u00e9lo.Si vous souhaitez y participer, inscrivez-vous aupr\u00e8s de l&rsquo;association EcoBram&amp;Co par t\u00e9l\u00e9phone au 06.19.40.20.85 ou par e-mail \u00e0 l&rsquo;adresse contact@ecobramandco.fr Vendredi 13 juin \/ Mardi 17&#8230; <\/div><\/li>\n<\/ul>","protected":false},"excerpt":{"rendered":"","protected":false},"author":1,"featured_media":0,"parent":0,"menu_order":0,"comment_status":"closed","ping_status":"closed","template":"","meta":{"_eb_attr":"","om_disable_all_campaigns":false,"_monsterinsights_skip_tracking":false,"_monsterinsights_sitenote_active":false,"_monsterinsights_sitenote_note":"","_monsterinsights_sitenote_category":0,"footnotes":""},"class_list":["post-103","page","type-page","status-publish","hentry"],"aioseo_notices":[],"_links":{"self":[{"href":"https:\/\/ecobramandco.fr\/index.php\/wp-json\/wp\/v2\/pages\/103","targetHints":{"allow":["GET"]}}],"collection":[{"href":"https:\/\/ecobramandco.fr\/index.php\/wp-json\/wp\/v2\/pages"}],"about":[{"href":"https:\/\/ecobramandco.fr\/index.php\/wp-json\/wp\/v2\/types\/page"}],"author":[{"embeddable":true,"href":"https:\/\/ecobramandco.fr\/index.php\/wp-json\/wp\/v2\/users\/1"}],"replies":[{"embeddable":true,"href":"https:\/\/ecobramandco.fr\/index.php\/wp-json\/wp\/v2\/comments?post=103"}],"version-history":[{"count":1,"href":"https:\/\/ecobramandco.fr\/index.php\/wp-json\/wp\/v2\/pages\/103\/revisions"}],"predecessor-version":[{"id":105,"href":"https:\/\/ecobramandco.fr\/index.php\/wp-json\/wp\/v2\/pages\/103\/revisions\/105"}],"wp:attachment":[{"href":"https:\/\/ecobramandco.fr\/index.php\/wp-json\/wp\/v2\/media?parent=103"}],"curies":[{"name":"wp","href":"https:\/\/api.w.org\/{rel}","templated":true}]}}