{"id":106,"date":"2024-02-17T17:36:53","date_gmt":"2024-02-17T16:36:53","guid":{"rendered":"https:\/\/ecobramandco.fr\/?page_id=106"},"modified":"2025-04-28T17:08:09","modified_gmt":"2025-04-28T15:08:09","slug":"actions-ecoresponsables","status":"publish","type":"page","link":"https:\/\/ecobramandco.fr\/index.php\/actions-ecoresponsables\/","title":{"rendered":"Actions \u00e9coresponsables"},"content":{"rendered":"<ul class=\"wp-block-latest-posts__list wp-block-latest-posts\"><li><div class=\"wp-block-latest-posts__featured-image\"><img decoding=\"async\" width=\"150\" height=\"150\" src=\"https:\/\/ecobramandco.fr\/wp-content\/uploads\/2025\/10\/IMG-20251004-WA0002-150x150.jpg\" class=\"attachment-thumbnail size-thumbnail wp-post-image\" alt=\"\" style=\"\" \/><\/div><a class=\"wp-block-latest-posts__post-title\" href=\"https:\/\/ecobramandco.fr\/index.php\/2025\/10\/05\/la-team-eco-bram-co-court-pour-octobre-rose\/\">La team Eco Bram &amp; co court pour octobre Rose<\/a><div class=\"wp-block-latest-posts__post-excerpt\">Une \u00e9quipe de b\u00e9n\u00e9voles d\u2019Eco Bram &amp; co a particip\u00e9 au d\u00e9fi octobre rose \u00e0\u00a0 Bram. Bravo \u00e0 nos sportifs pour leur engagement.<\/div><\/li>\n<li><div class=\"wp-block-latest-posts__featured-image\"><img decoding=\"async\" width=\"150\" height=\"150\" src=\"https:\/\/ecobramandco.fr\/wp-content\/uploads\/2025\/09\/img-20250919-wa00006448502166995387730-150x150.jpg\" class=\"attachment-thumbnail size-thumbnail wp-post-image\" alt=\"\" style=\"\" \/><\/div><a class=\"wp-block-latest-posts__post-title\" href=\"https:\/\/ecobramandco.fr\/index.php\/2025\/09\/23\/assemblee-generale-2025\/\">Assembl\u00e9e g\u00e9n\u00e9rale 2025<\/a><div class=\"wp-block-latest-posts__post-excerpt\">L\u2019assembl\u00e9e g\u00e9n\u00e9rale 2025 de l\u2019association eco Bram &amp; co a \u00e9t\u00e9 l\u2019occasion de mettre en avant la dynamique engag\u00e9e depuis deux ans et les nombreuses actions men\u00e9es par des b\u00e9n\u00e9voles de plus en plus nombreux. La pr\u00e9sidente, Caroline Rey et son bureau ont fait le bilan se cette ann\u00e9e riche d\u2019engagements et de propositions L\u2019association devient un partenaire incontournable des projets de d\u00e9veloppement durable de la ville. Cette assembl\u00e9e a aussi permis de remercier les b\u00e9n\u00e9voles qui s\u2019engagent tous les matins pour faire vivre le ramassage scolaire \u00e0 v\u00e9lo. N\u2019h\u00e9sitez \u00e0 venir nous rejoindre en nous contactant sur notre page&#8230; <\/div><\/li>\n<li><div class=\"wp-block-latest-posts__featured-image\"><img decoding=\"async\" width=\"150\" height=\"150\" src=\"https:\/\/ecobramandco.fr\/wp-content\/uploads\/2025\/09\/img-20250920-wa00107436467036019923396-150x150.jpg\" class=\"attachment-thumbnail size-thumbnail wp-post-image\" alt=\"\" style=\"\" \/><\/div><a class=\"wp-block-latest-posts__post-title\" href=\"https:\/\/ecobramandco.fr\/index.php\/2025\/09\/23\/marche-verte-5\/\">Marche verte<\/a><div class=\"wp-block-latest-posts__post-excerpt\">Une quinzaine de personnes ont particip\u00e9 \u00e0 la marche verte qui a eu lieu samedi 20 septembre \u00e0 Bram. Ils ont eu \u00e0 c\u0153ur de ramasser les d\u00e9chets dans les rues et parcs de notre ville. Les d\u00e9chets ont \u00e9t\u00e9 ensuite tri\u00e9s et une d\u00e9gustation d\u2019hu\u00eetre a cl\u00f4tur\u00e9 ce bon moment citoyen. Merci \u00e0 eux et rendez-vous pour la prochaine dans l\u2019hiver!<\/div><\/li>\n<li><a class=\"wp-block-latest-posts__post-title\" href=\"https:\/\/ecobramandco.fr\/index.php\/2025\/09\/15\/fete-des-associations\/\">F\u00eate des associations<\/a><div class=\"wp-block-latest-posts__post-excerpt\">Le 6 septembre 2025, l\u2019association eco bram &amp; co \u00e9tait pr\u00e9sente au parc des Essars pour pr\u00e9senter toutes les actions qu\u2019elle m\u00e8ne toute l\u2019ann\u00e9e pour sensibiliser et mobiliser les bramais autour d\u2019actions eco-citoyennes.<\/div><\/li>\n<li><a class=\"wp-block-latest-posts__post-title\" href=\"https:\/\/ecobramandco.fr\/index.php\/2025\/09\/15\/marche-verte-4\/\">Marche verte<\/a><div class=\"wp-block-latest-posts__post-excerpt\">Rendez-vous pour une marche verte, le samedi 20 septembre 2025 \u00e0 10h place de la R\u00e9publique \u00e0\u00a0 Bram. Venez nombreux, en famille pour nous aider \u00e0 ramasser puis trier les d\u00e9chets dans les espaces publics de la commune. Caf\u00e9 offert \u00e0&nbsp; 10h !<\/div><\/li>\n<\/ul>","protected":false},"excerpt":{"rendered":"","protected":false},"author":1,"featured_media":0,"parent":0,"menu_order":0,"comment_status":"closed","ping_status":"closed","template":"","meta":{"_eb_attr":"","om_disable_all_campaigns":false,"_monsterinsights_skip_tracking":false,"_monsterinsights_sitenote_active":false,"_monsterinsights_sitenote_note":"","_monsterinsights_sitenote_category":0,"footnotes":""},"class_list":["post-106","page","type-page","status-publish","hentry"],"aioseo_notices":[],"_links":{"self":[{"href":"https:\/\/ecobramandco.fr\/index.php\/wp-json\/wp\/v2\/pages\/106","targetHints":{"allow":["GET"]}}],"collection":[{"href":"https:\/\/ecobramandco.fr\/index.php\/wp-json\/wp\/v2\/pages"}],"about":[{"href":"https:\/\/ecobramandco.fr\/index.php\/wp-json\/wp\/v2\/types\/page"}],"author":[{"embeddable":true,"href":"https:\/\/ecobramandco.fr\/index.php\/wp-json\/wp\/v2\/users\/1"}],"replies":[{"embeddable":true,"href":"https:\/\/ecobramandco.fr\/index.php\/wp-json\/wp\/v2\/comments?post=106"}],"version-history":[{"count":1,"href":"https:\/\/ecobramandco.fr\/index.php\/wp-json\/wp\/v2\/pages\/106\/revisions"}],"predecessor-version":[{"id":108,"href":"https:\/\/ecobramandco.fr\/index.php\/wp-json\/wp\/v2\/pages\/106\/revisions\/108"}],"wp:attachment":[{"href":"https:\/\/ecobramandco.fr\/index.php\/wp-json\/wp\/v2\/media?parent=106"}],"curies":[{"name":"wp","href":"https:\/\/api.w.org\/{rel}","templated":true}]}}