{"id":126,"date":"2024-04-06T11:31:06","date_gmt":"2024-04-06T09:31:06","guid":{"rendered":"https:\/\/ecobramandco.fr\/?page_id=126"},"modified":"2024-04-06T13:48:04","modified_gmt":"2024-04-06T11:48:04","slug":"envie-dessayer-un-velo-a-assistance-electrique","status":"publish","type":"page","link":"https:\/\/ecobramandco.fr\/index.php\/mobilites-douces\/envie-dessayer-un-velo-a-assistance-electrique\/","title":{"rendered":"Envie d&rsquo;essayer un v\u00e9lo \u00e0 assistance \u00e9lectrique"},"content":{"rendered":"<ul class=\"wp-block-latest-posts__list wp-block-latest-posts\"><\/ul>\n\n\n<p>Le PETR du Pays Lauragais et la Municipalit\u00e9 de BRAM ont confi\u00e9 la gestion de pr\u00eat gratuit de v\u00e9lo \u00e0 l&rsquo;association Eco Bram &amp; Co.<\/p>\n\n\n\n<p>Vous pouvez compl\u00e9ter le formulaire de pr\u00e9-r\u00e9servation en cliquant ci-dessous :<\/p>\n\n\n\n<div class=\"wp-block-essential-blocks-button\"><div class=\"eb-parent-wrapper eb-parent-eb-button-or9um \"><div class=\"eb-button-wrapper eb-button-alignment eb-button-or9um\"><div class=\"eb-button\"><a class=\"eb-button-anchor\" href=\"https:\/\/forms.office.com\/Pages\/ResponsePage.aspx?id=DQSIkWdsW0yxEjajBLZtrQAAAAAAAAAAAAN__nq2I31UNFFBSExOSktFVkNFSDJCOTJJN1BIR0NXSS4u\" rel=\"noopener\"><strong>Formulaire de pr\u00e9-r\u00e9servation<\/strong><\/a><\/div><\/div><\/div><\/div>\n\n\n\n<figure class=\"wp-block-image size-large is-style-rounded\"><img fetchpriority=\"high\" decoding=\"async\" width=\"1024\" height=\"143\" src=\"https:\/\/ecobramandco.fr\/wp-content\/uploads\/2024\/04\/Bloc-LOGO-PETR-BRAM-EcoBramCo-1024x143.jpg\" alt=\"\" class=\"wp-image-134\" srcset=\"https:\/\/ecobramandco.fr\/wp-content\/uploads\/2024\/04\/Bloc-LOGO-PETR-BRAM-EcoBramCo-1024x143.jpg 1024w, https:\/\/ecobramandco.fr\/wp-content\/uploads\/2024\/04\/Bloc-LOGO-PETR-BRAM-EcoBramCo-300x42.jpg 300w, https:\/\/ecobramandco.fr\/wp-content\/uploads\/2024\/04\/Bloc-LOGO-PETR-BRAM-EcoBramCo-768x108.jpg 768w, https:\/\/ecobramandco.fr\/wp-content\/uploads\/2024\/04\/Bloc-LOGO-PETR-BRAM-EcoBramCo-1536x215.jpg 1536w, https:\/\/ecobramandco.fr\/wp-content\/uploads\/2024\/04\/Bloc-LOGO-PETR-BRAM-EcoBramCo-2048x287.jpg 2048w\" sizes=\"(max-width: 1024px) 100vw, 1024px\" \/><\/figure>\n","protected":false},"excerpt":{"rendered":"<p>Le PETR du Pays Lauragais et la Municipalit\u00e9 de BRAM ont confi\u00e9 la gestion de pr\u00eat gratuit de v\u00e9lo \u00e0 l&rsquo;association Eco Bram &amp; Co. Vous pouvez compl\u00e9ter le formulaire de pr\u00e9-r\u00e9servation en cliquant ci-dessous :<\/p>\n","protected":false},"author":1,"featured_media":127,"parent":103,"menu_order":0,"comment_status":"closed","ping_status":"closed","template":"","meta":{"_eb_attr":"","om_disable_all_campaigns":false,"_monsterinsights_skip_tracking":false,"_monsterinsights_sitenote_active":false,"_monsterinsights_sitenote_note":"","_monsterinsights_sitenote_category":0,"footnotes":""},"class_list":["post-126","page","type-page","status-publish","has-post-thumbnail","hentry"],"aioseo_notices":[],"_links":{"self":[{"href":"https:\/\/ecobramandco.fr\/index.php\/wp-json\/wp\/v2\/pages\/126","targetHints":{"allow":["GET"]}}],"collection":[{"href":"https:\/\/ecobramandco.fr\/index.php\/wp-json\/wp\/v2\/pages"}],"about":[{"href":"https:\/\/ecobramandco.fr\/index.php\/wp-json\/wp\/v2\/types\/page"}],"author":[{"embeddable":true,"href":"https:\/\/ecobramandco.fr\/index.php\/wp-json\/wp\/v2\/users\/1"}],"replies":[{"embeddable":true,"href":"https:\/\/ecobramandco.fr\/index.php\/wp-json\/wp\/v2\/comments?post=126"}],"version-history":[{"count":8,"href":"https:\/\/ecobramandco.fr\/index.php\/wp-json\/wp\/v2\/pages\/126\/revisions"}],"predecessor-version":[{"id":144,"href":"https:\/\/ecobramandco.fr\/index.php\/wp-json\/wp\/v2\/pages\/126\/revisions\/144"}],"up":[{"embeddable":true,"href":"https:\/\/ecobramandco.fr\/index.php\/wp-json\/wp\/v2\/pages\/103"}],"wp:featuredmedia":[{"embeddable":true,"href":"https:\/\/ecobramandco.fr\/index.php\/wp-json\/wp\/v2\/media\/127"}],"wp:attachment":[{"href":"https:\/\/ecobramandco.fr\/index.php\/wp-json\/wp\/v2\/media?parent=126"}],"curies":[{"name":"wp","href":"https:\/\/api.w.org\/{rel}","templated":true}]}}