{"id":97,"date":"2024-02-17T17:34:01","date_gmt":"2024-02-17T16:34:01","guid":{"rendered":"https:\/\/ecobramandco.fr\/?page_id=97"},"modified":"2024-02-17T17:34:01","modified_gmt":"2024-02-17T16:34:01","slug":"decouverte-de-lespace-naturel","status":"publish","type":"page","link":"https:\/\/ecobramandco.fr\/index.php\/decouverte-de-lespace-naturel\/","title":{"rendered":"D\u00e9couverte de l&rsquo;espace naturel"},"content":{"rendered":"<ul class=\"wp-block-latest-posts__list wp-block-latest-posts\"><li><div class=\"wp-block-latest-posts__featured-image\"><img decoding=\"async\" width=\"150\" height=\"150\" src=\"https:\/\/ecobramandco.fr\/wp-content\/uploads\/2025\/09\/img-20250919-wa00006448502166995387730-150x150.jpg\" class=\"attachment-thumbnail size-thumbnail wp-post-image\" alt=\"\" style=\"\" \/><\/div><a class=\"wp-block-latest-posts__post-title\" href=\"https:\/\/ecobramandco.fr\/index.php\/2025\/09\/23\/assemblee-generale-2025\/\">Assembl\u00e9e g\u00e9n\u00e9rale 2025<\/a><div class=\"wp-block-latest-posts__post-excerpt\">L\u2019assembl\u00e9e g\u00e9n\u00e9rale 2025 de l\u2019association eco Bram &amp; co a \u00e9t\u00e9 l\u2019occasion de mettre en avant la dynamique engag\u00e9e depuis deux ans et les nombreuses actions men\u00e9es par des b\u00e9n\u00e9voles de plus en plus nombreux. La pr\u00e9sidente, Caroline Rey et son bureau ont fait le bilan se cette ann\u00e9e riche d\u2019engagements et de propositions L\u2019association devient un partenaire incontournable des projets de d\u00e9veloppement durable de la ville. Cette assembl\u00e9e a aussi permis de remercier les b\u00e9n\u00e9voles qui s\u2019engagent tous les matins pour faire vivre le ramassage scolaire \u00e0 v\u00e9lo. N\u2019h\u00e9sitez \u00e0 venir nous rejoindre en nous contactant sur notre page&#8230; <\/div><\/li>\n<li><div class=\"wp-block-latest-posts__featured-image\"><img decoding=\"async\" width=\"150\" height=\"150\" src=\"https:\/\/ecobramandco.fr\/wp-content\/uploads\/2025\/02\/WhatsApp-Image-2025-02-01-a-19.28.46_daf45a52-150x150.jpg\" class=\"attachment-thumbnail size-thumbnail wp-post-image\" alt=\"\" style=\"\" \/><\/div><a class=\"wp-block-latest-posts__post-title\" href=\"https:\/\/ecobramandco.fr\/index.php\/2025\/02\/04\/biodiversite-et-jardin-en-hiver\/\">Biodiversit\u00e9 et jardin en hiver<\/a><div class=\"wp-block-latest-posts__post-excerpt\">Le 19 janvier, cette sortie nature organis\u00e9e par notre association, Nature en jeux et la mairie, a d\u00e9but\u00e9 aux Essars avec caf\u00e9 et galette et s\u2019est termin\u00e9e \u00e0 l\u2019Oustal du Joatier avec une petite blanquette. Elle a permis de d\u00e9couvrir la biodiversit\u00e9 en hiver.Merci \u00e0 Aur\u00e9lie, qui a anim\u00e9\u00a0la\u00a0sortie\u00a0!<\/div><\/li>\n<li><div class=\"wp-block-latest-posts__featured-image\"><img decoding=\"async\" width=\"150\" height=\"150\" src=\"https:\/\/ecobramandco.fr\/wp-content\/uploads\/2024\/10\/1000069446-1-2-150x150.png\" class=\"attachment-thumbnail size-thumbnail wp-post-image\" alt=\"\" style=\"\" \/><\/div><a class=\"wp-block-latest-posts__post-title\" href=\"https:\/\/ecobramandco.fr\/index.php\/2024\/10\/27\/sortie-nature-sur-le-theme-des-champignons\/\">Sortie nature sur le th\u00e8me des champignons<\/a><div class=\"wp-block-latest-posts__post-excerpt\">Ce matin premi\u00e8re des \u00ab\u00a0sorties nature\u00a0\u00bb propos\u00e9es par la Ville de Bram pour la saison 2024 &#8211; 2025, avec Aur\u00e9lie de l\u2019association \u00ab\u00a0Nature en jeux\u00a0\u00bb sur le th\u00e8me \u300a\u00a0Qu\u2019est ce qu\u2019un \ud83c\udf44?\u300b. Prochain rendez-vous \u00ab\u00a0la culture des pleurotes sur marc de caf\u00e9\u00a0\u00bb le 17 novembre de 10h \u00e0 12h \u00e0 l\u2019espace L\u00e9otard. N\u2019oubliez pas de vous inscrire..<\/div><\/li>\n<li><div class=\"wp-block-latest-posts__featured-image\"><img loading=\"lazy\" decoding=\"async\" width=\"150\" height=\"150\" src=\"https:\/\/ecobramandco.fr\/wp-content\/uploads\/2024\/04\/WhatsApp-Image-2024-04-17-a-13.34.35_f2df588d-150x150.jpg\" class=\"attachment-thumbnail size-thumbnail wp-post-image\" alt=\"\" style=\"\" \/><\/div><a class=\"wp-block-latest-posts__post-title\" href=\"https:\/\/ecobramandco.fr\/index.php\/2024\/04\/18\/a-la-decouverte-des-oiseaux-avec-la-lpo\/\">A la d\u00e9couverte des oiseaux avec la LPO<\/a><div class=\"wp-block-latest-posts__post-excerpt\">Superbe sortie avec la LPO samedi apr\u00e8s-midi \u00e0 Bram !Une cinquantaine de personnes \u00e9tait pr\u00e9sente. Un groupe est parti \u00e0 la d\u00e9couverte des oiseaux du parc des Essars et un autre, au lac situ\u00e9 \u00e0 la sortie de Bram\u2026 Au lac, nous avons pu observer un aigle bott\u00e9, une grande aigrette, un h\u00e9ron cendr\u00e9, un heron pourpr\u00e9, des cigognes, un vautour fauve et un cyrca\u00e8te\u2026 J&rsquo;en oublie bien s\u00fbr\u2026! Dans le parc des Essar[t]s, nous avons entendu et\/ou vu des m\u00e9sanges bleues, rouge-gorge familier, sittelle torchepot, choucas des tours, corneille noire, pie bavarde, merle et merlette, pinson des arbres et&#8230; <\/div><\/li>\n<li><div class=\"wp-block-latest-posts__featured-image\"><img loading=\"lazy\" decoding=\"async\" width=\"150\" height=\"150\" src=\"https:\/\/ecobramandco.fr\/wp-content\/uploads\/2024\/04\/WhatsApp-Image-2024-03-24-a-20.23.25_cb658e86-150x150.jpg\" class=\"attachment-thumbnail size-thumbnail wp-post-image\" alt=\"\" style=\"\" \/><\/div><a class=\"wp-block-latest-posts__post-title\" href=\"https:\/\/ecobramandco.fr\/index.php\/2024\/04\/06\/atelier-cuisiner-avec-des-plantes-comestibles\/\">Atelier cuisiner avec des plantes comestibles<\/a><div class=\"wp-block-latest-posts__post-excerpt\">Samedi 23 mars 2023, atelier tr\u00e8s int\u00e9ressant sp\u00e9cial cuisine des plantes sauvages comestibles, atelier qui venait compl\u00e9ter notre derni\u00e8re sortie nature.Autour d&rsquo;Aur\u00e9lie nous avons confectionn\u00e9 des bonbons \u00e0 la p\u00e2querette ainsi qu&rsquo;une tartinade de plantin lanc\u00e9ol\u00e9 \u00e0 l&rsquo;alliaire et \u00e0 la cymbalaire des murailles.Notre jardin est plein de\u00a0ressources.\ud83c\udf3c<\/div><\/li>\n<\/ul>","protected":false},"excerpt":{"rendered":"","protected":false},"author":1,"featured_media":0,"parent":0,"menu_order":0,"comment_status":"closed","ping_status":"closed","template":"","meta":{"_eb_attr":"","om_disable_all_campaigns":false,"_monsterinsights_skip_tracking":false,"_monsterinsights_sitenote_active":false,"_monsterinsights_sitenote_note":"","_monsterinsights_sitenote_category":0,"footnotes":""},"class_list":["post-97","page","type-page","status-publish","hentry"],"aioseo_notices":[],"_links":{"self":[{"href":"https:\/\/ecobramandco.fr\/index.php\/wp-json\/wp\/v2\/pages\/97","targetHints":{"allow":["GET"]}}],"collection":[{"href":"https:\/\/ecobramandco.fr\/index.php\/wp-json\/wp\/v2\/pages"}],"about":[{"href":"https:\/\/ecobramandco.fr\/index.php\/wp-json\/wp\/v2\/types\/page"}],"author":[{"embeddable":true,"href":"https:\/\/ecobramandco.fr\/index.php\/wp-json\/wp\/v2\/users\/1"}],"replies":[{"embeddable":true,"href":"https:\/\/ecobramandco.fr\/index.php\/wp-json\/wp\/v2\/comments?post=97"}],"version-history":[{"count":1,"href":"https:\/\/ecobramandco.fr\/index.php\/wp-json\/wp\/v2\/pages\/97\/revisions"}],"predecessor-version":[{"id":99,"href":"https:\/\/ecobramandco.fr\/index.php\/wp-json\/wp\/v2\/pages\/97\/revisions\/99"}],"wp:attachment":[{"href":"https:\/\/ecobramandco.fr\/index.php\/wp-json\/wp\/v2\/media?parent=97"}],"curies":[{"name":"wp","href":"https:\/\/api.w.org\/{rel}","templated":true}]}}